{"id":110,"date":"2022-04-21T17:48:51","date_gmt":"2022-04-21T20:48:51","guid":{"rendered":"https:\/\/www.rihs.ufscar.br\/hslivros-2\/?page_id=110"},"modified":"2024-07-31T09:53:12","modified_gmt":"2024-07-31T12:53:12","slug":"home","status":"publish","type":"page","link":"https:\/\/www.rihs.ufscar.br\/hslivros-2\/","title":{"rendered":"Home"},"content":{"rendered":"\n<div class=\"wp-block-cover alignfull has-parallax\" style=\"min-height:163px\"><span aria-hidden=\"true\" class=\"wp-block-cover__background has-palette-color-4-background-color has-background-dim-90 has-background-dim\"><\/span><div role=\"img\" class=\"wp-block-cover__image-background wp-image-163 has-parallax\" style=\"background-position:50% 50%;background-image:url(https:\/\/www.rihs.ufscar.br\/hslivros-2\/wp-content\/uploads\/2022\/04\/63801_cursos_3426254845669140028.jpg)\"><\/div><div class=\"wp-block-cover__inner-container\">\n<p class=\"has-text-align-center has-large-font-size\"><strong>Bem vindo(a) \u00e0 nossa p\u00e1gina<\/strong><\/p>\n<\/div><\/div>\n\n\n\n<div style=\"height:40px\" aria-hidden=\"true\" class=\"wp-block-spacer\"><\/div>\n\n\n\n<div class=\"wp-block-media-text alignwide is-stacked-on-mobile\" style=\"grid-template-columns:30% auto\"><figure class=\"wp-block-media-text__media\"><img decoding=\"async\" loading=\"lazy\" width=\"1786\" height=\"2532\" src=\"https:\/\/www.rihs.ufscar.br\/hslivros-2\/wp-content\/uploads\/2022\/04\/Aperfeicoando-minhas-HS-1.jpg\" alt=\"\" class=\"wp-image-164 size-full\" srcset=\"https:\/\/www.rihs.ufscar.br\/hslivros-2\/wp-content\/uploads\/2022\/04\/Aperfeicoando-minhas-HS-1.jpg 1786w, https:\/\/www.rihs.ufscar.br\/hslivros-2\/wp-content\/uploads\/2022\/04\/Aperfeicoando-minhas-HS-1-212x300.jpg 212w, https:\/\/www.rihs.ufscar.br\/hslivros-2\/wp-content\/uploads\/2022\/04\/Aperfeicoando-minhas-HS-1-722x1024.jpg 722w, https:\/\/www.rihs.ufscar.br\/hslivros-2\/wp-content\/uploads\/2022\/04\/Aperfeicoando-minhas-HS-1-768x1089.jpg 768w, https:\/\/www.rihs.ufscar.br\/hslivros-2\/wp-content\/uploads\/2022\/04\/Aperfeicoando-minhas-HS-1-1083x1536.jpg 1083w, https:\/\/www.rihs.ufscar.br\/hslivros-2\/wp-content\/uploads\/2022\/04\/Aperfeicoando-minhas-HS-1-1445x2048.jpg 1445w\" sizes=\"(max-width: 1786px) 100vw, 1786px\" \/><\/figure><div class=\"wp-block-media-text__content\">\n<p class=\"has-large-font-size\"><strong>Aperfei\u00e7oando habilidades sociais e compet\u00eancia social<\/strong><\/p>\n\n\n\n<p>Este site \u00e9 de acesso restrito aos leitores desses livros, para a realiza\u00e7\u00e3o das atividades virtuais associadas a v\u00eddeos disponibilizados nos livros por meio de links e QRCodes.<\/p>\n\n\n\n<div class=\"wp-block-buttons is-layout-flex\">\n<div class=\"wp-block-button\"><a class=\"wp-block-button__link wp-element-button\" href=\"https:\/\/www.rihs.ufscar.br\/hslivros-2\/aperfeicoando-minhas-hs-e-cs\/\">Mais informa\u00e7\u00f5es do livro aqui<\/a><\/div>\n<\/div>\n<\/div><\/div>\n\n\n\n<div style=\"height:40px\" aria-hidden=\"true\" class=\"wp-block-spacer\"><\/div>\n\n\n\n<div class=\"wp-block-columns is-layout-flex wp-container-4\">\n<div class=\"wp-block-column is-layout-flow\">\n<h4 class=\"wp-block-heading\">Para obter esse acesso, voc\u00ea precisa:<\/h4>\n\n\n\n<p><strong>1.\u00a0<\/strong>Preencher o cadastro abaixo (seus dados ficar\u00e3o dispon\u00edveis na sua\u00a0<a href=\"https:\/\/www.rihs.ufscar.br\/hslivros-2\/minha-conta\/\">\u00e1rea de membro<\/a>).<br><br><strong>2.<\/strong>\u00a0Depois disso, o administrador, com base nas informa\u00e7\u00f5es do formul\u00e1rio, ir\u00e1 qualifica-lo como visitante cadastrado e autorizar seu acesso.<br><br><strong>3.<\/strong>\u00a0Ao ser autorizado, voc\u00ea pode entrar como visitante cadastrado, acessar os materiais e tamb\u00e9m o\u00a0<a href=\"https:\/\/www.rihs.ufscar.br\/hslivros-2\/category\/blog\/\">BLOG<\/a>\u00a0deste site.<\/p>\n\n\n\n<p>4. Antes de acessar assista o tutorial abaixo &#8211; siga rigorosamente as orienta\u00e7\u00f5es.<\/p>\n<\/div>\n\n\n\n<div class=\"wp-block-column is-layout-flow\">\n<figure class=\"wp-block-image size-full\"><img decoding=\"async\" loading=\"lazy\" width=\"640\" height=\"380\" src=\"https:\/\/www.rihs.ufscar.br\/hslivros-2\/wp-content\/uploads\/2022\/04\/63801_cursos_3426254845669140028.jpg\" alt=\"\" class=\"wp-image-163\" srcset=\"https:\/\/www.rihs.ufscar.br\/hslivros-2\/wp-content\/uploads\/2022\/04\/63801_cursos_3426254845669140028.jpg 640w, https:\/\/www.rihs.ufscar.br\/hslivros-2\/wp-content\/uploads\/2022\/04\/63801_cursos_3426254845669140028-300x178.jpg 300w\" sizes=\"(max-width: 640px) 100vw, 640px\" \/><\/figure>\n<\/div>\n<\/div>\n\n\n\n<figure class=\"wp-block-embed is-type-video is-provider-youtube wp-block-embed-youtube wp-embed-aspect-16-9 wp-has-aspect-ratio\"><div class=\"wp-block-embed__wrapper\">\n<iframe loading=\"lazy\" title=\"Tutorial de acesso ao site dos livros\" width=\"1290\" height=\"726\" src=\"https:\/\/www.youtube.com\/embed\/8Yd1THYONpw?feature=oembed\" frameborder=\"0\" allow=\"accelerometer; autoplay; clipboard-write; encrypted-media; gyroscope; picture-in-picture; web-share\" referrerpolicy=\"strict-origin-when-cross-origin\" allowfullscreen><\/iframe>\n<\/div><\/figure>\n\n\n\n<div style=\"height:40px\" aria-hidden=\"true\" class=\"wp-block-spacer\"><\/div>\n\n\n\n<div class=\"wp-block-cover alignfull has-parallax\" style=\"min-height:340px\"><span aria-hidden=\"true\" class=\"wp-block-cover__background has-palette-color-4-background-color has-background-dim-90 has-background-dim\"><\/span><div role=\"img\" class=\"wp-block-cover__image-background wp-image-165 has-parallax\" style=\"background-position:50% 50%;background-image:url(https:\/\/www.rihs.ufscar.br\/hslivros-2\/wp-content\/uploads\/2022\/04\/bookshelf-g2e981db55_1920.jpg)\"><\/div><div class=\"wp-block-cover__inner-container\">\n<p class=\"has-text-align-center has-medium-font-size\"><span style=\"color: var(--paletteColor8, #ffffff);\" class=\"ugb-highlight\"><strong>Para ver os conte\u00fados cadastre-se ou acesse o seu perfil<\/strong><\/span><\/p>\n\n\n\n<div class=\"wp-block-columns is-layout-flex wp-container-7\">\n<div class=\"wp-block-column is-layout-flow\">\n<div class=\"wp-block-stackable-button-group stk-block-button-group stk-block stk-dbe8488\" data-block-id=\"dbe8488\"><div class=\"stk-row stk-inner-blocks has-text-align-center stk-block-content stk-button-group\">\n<div class=\"wp-block-stackable-button stk-block-button has-text-align-center stk-block stk-dfda416\" data-block-id=\"dfda416\"><style>.stk-dfda416,.stk-dfda416 .stk-button{width:100% !important}.stk-dfda416 .stk-button{background:var(--paletteColor8,#ffffff) !important}.stk-dfda416 .stk-button__inner-text{color:var(--paletteColor4,#293241) !important}<\/style><a class=\"stk-link stk-button stk--hover-effect-darken\" href=\"https:\/\/www.rihs.ufscar.br\/hslivros-2\/cadastrar\/\"><span class=\"has-text-color has-palette-color-4-color stk-button__inner-text\"><strong>CADASTRE-SE<\/strong><\/span><\/a><\/div>\n<\/div><\/div>\n<\/div>\n\n\n\n<div class=\"wp-block-column is-layout-flow\">\n<div class=\"wp-block-stackable-button-group stk-block-button-group stk-block stk-fd5a23b\" data-block-id=\"fd5a23b\"><div class=\"stk-row stk-inner-blocks has-text-align-center stk-block-content stk-button-group\">\n<div class=\"wp-block-stackable-button stk-block-button stk-block stk-ff4cd5f\" data-block-id=\"ff4cd5f\"><style>.stk-ff4cd5f,.stk-ff4cd5f .stk-button{width:100% !important}<\/style><a class=\"stk-link stk-button stk--hover-effect-darken\" href=\"https:\/\/www.rihs.ufscar.br\/hslivros-2\/minha-conta\/\"><span class=\"stk-button__inner-text\"><span style=\"color: var(--paletteColor8, #ffffff);\" class=\"ugb-highlight\"> <strong>J\u00c1 TENHO CADASTRO<\/strong><\/span><\/span><\/a><\/div>\n<\/div><\/div>\n<\/div>\n<\/div>\n<\/div><\/div>\n\n\n\n<div style=\"height:40px\" aria-hidden=\"true\" class=\"wp-block-spacer\"><\/div>\n\n\n\n<p class=\"has-text-align-center has-medium-font-size\"><strong><span style=\"color: var(--paletteColor4, #293241);\" class=\"ugb-highlight\">Ao navegar pelo nosso BLOG aproveite para participar e interagir com os autores e outros leitores, fazendo coment\u00e1rios e reagindo aos coment\u00e1rios dispon\u00edveis<\/span><\/strong><\/p>\n","protected":false},"excerpt":{"rendered":"<p>Para obter esse acesso, voc\u00ea precisa: 1.\u00a0Preencher o cadastro abaixo (seus dados ficar\u00e3o dispon\u00edveis na sua\u00a0\u00e1rea de membro). 2.\u00a0Depois disso, o administrador, com base nas informa\u00e7\u00f5es do formul\u00e1rio, ir\u00e1 qualifica-lo como visitante cadastrado e autorizar seu acesso. 3.\u00a0Ao ser autorizado, voc\u00ea pode entrar como visitante cadastrado, acessar os materiais e tamb\u00e9m o\u00a0BLOG\u00a0deste site. 4. Antes de acessar assista o tutorial abaixo &#8211; siga rigorosamente as orienta\u00e7\u00f5es. Ao navegar pelo nosso BLOG aproveite para participar e interagir com os autores e outros leitores, fazendo coment\u00e1rios e reagindo aos coment\u00e1rios dispon\u00edveis<\/p>\n","protected":false},"author":1,"featured_media":0,"parent":0,"menu_order":0,"comment_status":"closed","ping_status":"closed","template":"","meta":[],"blocksy_meta":{"styles_descriptor":{"styles":{"desktop":"","tablet":"","mobile":""},"google_fonts":[],"version":5},"page_title_panel":"","has_hero_section":"disabled","2b0b551f362bb3eb8c42206d9ee20ed9":"","hero_section":"type-1","hero_elements":[{"id":"custom_title","enabled":true,"heading_tag":"h1","title":"Home"},{"id":"custom_description","enabled":true,"description_visibility":{"desktop":true,"tablet":true,"mobile":false}},{"id":"custom_meta","enabled":false,"meta_elements":[{"id":"author","enabled":true,"label":"By","has_author_avatar":"yes","avatar_size":25},{"id":"post_date","enabled":true,"label":"On","date_format_source":"default","date_format":"M j, Y"},{"id":"updated_date","enabled":false,"label":"On","date_format_source":"default","date_format":"M j, Y"},{"id":"categories","enabled":false,"label":"In","style":"simple"},{"id":"comments","enabled":true}],"page_meta_elements":{"joined":true,"articles_count":true,"comments":true}},{"id":"breadcrumbs","enabled":false}],"757c46342af735d562246cdf09449c86":"","hero_alignment1":"CT_CSS_SKIP_RULE","hero_margin":40,"hero_alignment2":"center","hero_vertical_alignment":"center","be4b764cbad55aa9062a11ba53c9a1bb":"","hero_structure":"narrow","bd40e25521d2bf6e573119014514c61c":"","page_title_bg_type":"featured_image","custom_hero_background":{"attachment_id":null},"page_title_image_size":"full","parallax":{"desktop":false,"tablet":false,"mobile":false},"8e1298382fb3a34659c93c544f44051b":"","hero_height":"250px","pageTitleFont":{"family":"Default","variation":"Default","size":"30px","line-height":"CT_CSS_SKIP_RULE","letter-spacing":"CT_CSS_SKIP_RULE","text-transform":"CT_CSS_SKIP_RULE","text-decoration":"CT_CSS_SKIP_RULE"},"pageTitleFontColor":{"default":{"color":"CT_CSS_SKIP_RULEDEFAULT"}},"pageMetaFont":{"family":"Default","variation":"n6","size":"12px","line-height":"1.3","letter-spacing":"CT_CSS_SKIP_RULE","text-transform":"uppercase","text-decoration":"CT_CSS_SKIP_RULE"},"pageMetaFontColor":{"default":{"color":"CT_CSS_SKIP_RULEDEFAULT"},"hover":{"color":"CT_CSS_SKIP_RULEDEFAULT"}},"page_meta_button_type_font_colors":{"default":{"color":"CT_CSS_SKIP_RULEDEFAULT"},"hover":{"color":"CT_CSS_SKIP_RULEDEFAULT"}},"page_meta_button_type_background_colors":{"default":{"color":"CT_CSS_SKIP_RULEDEFAULT"},"hover":{"color":"CT_CSS_SKIP_RULEDEFAULT"}},"pageExcerptFont":{"family":"Default","variation":"Default","size":"CT_CSS_SKIP_RULE","line-height":"CT_CSS_SKIP_RULE","letter-spacing":"CT_CSS_SKIP_RULE","text-transform":"CT_CSS_SKIP_RULE","text-decoration":"CT_CSS_SKIP_RULE"},"pageExcerptColor":{"default":{"color":"CT_CSS_SKIP_RULEDEFAULT"}},"breadcrumbsFont":{"family":"Default","variation":"Default","size":"CT_CSS_SKIP_RULE","line-height":"CT_CSS_SKIP_RULE","letter-spacing":"CT_CSS_SKIP_RULE","text-transform":"CT_CSS_SKIP_RULE","text-decoration":"CT_CSS_SKIP_RULE"},"breadcrumbsFontColor":{"default":{"color":"CT_CSS_SKIP_RULEDEFAULT"},"initial":{"color":"CT_CSS_SKIP_RULEDEFAULT"},"hover":{"color":"CT_CSS_SKIP_RULEDEFAULT"}},"pageTitleOverlay":{"background_type":"color","background_pattern":"type-1","background_image":{"attachment_id":null,"x":0,"y":0},"gradient":"linear-gradient(135deg,rgba(6,147,227,1) 0%,rgb(155,81,224) 100%)","background_repeat":"repeat","background_size":"auto","background_attachment":"scroll","patternColor":{"default":{"color":"#e5e7ea"}},"overlayColor":{"default":{"color":"CT_CSS_SKIP_RULE"}},"backgroundColor":{"default":{"color":"CT_CSS_SKIP_RULE"}}},"pageTitleBackground":{"background_type":"color","background_pattern":"type-1","background_image":{"attachment_id":null,"x":0,"y":0},"gradient":"linear-gradient(135deg,rgba(6,147,227,1) 0%,rgb(155,81,224) 100%)","background_repeat":"repeat","background_size":"auto","background_attachment":"scroll","patternColor":{"default":{"color":"#e5e7ea"}},"overlayColor":{"default":{"color":"CT_CSS_SKIP_RULE"}},"backgroundColor":{"default":{"color":"var(--paletteColor6)"}}},"pageTitlePadding":{"top":"50px","bottom":"50px","left":"auto","right":"auto","linked":true},"677bae41918217eac8c9b5a5f941f8e2":"","page_structure_type":"default","ffa4c3483107993f00904d9c8cb1260e":"","content_style_source":"inherit","content_style":"wide","vertical_spacing_source":"custom","content_area_spacing":"bottom","background":{"background_type":"color","background_pattern":"type-1","background_image":{"attachment_id":null,"x":0,"y":0},"gradient":"linear-gradient(135deg,rgba(6,147,227,1) 0%,rgb(155,81,224) 100%)","background_repeat":"repeat","background_size":"auto","background_attachment":"scroll","patternColor":{"default":{"color":"#e5e7ea"}},"overlayColor":{"default":{"color":"CT_CSS_SKIP_RULE"}},"backgroundColor":{"default":{"color":"CT_CSS_SKIP_RULE"}}},"content_background":{"background_type":"color","background_pattern":"type-1","background_image":{"attachment_id":null,"x":0,"y":0},"gradient":"linear-gradient(135deg,rgba(6,147,227,1) 0%,rgb(155,81,224) 100%)","background_repeat":"repeat","background_size":"auto","background_attachment":"scroll","patternColor":{"default":{"color":"#e5e7ea"}},"overlayColor":{"default":{"color":"CT_CSS_SKIP_RULE"}},"backgroundColor":{"default":{"color":"var(--paletteColor8)"}}},"content_boxed_shadow":{"inherit":false,"blur":18,"spread":-6,"v_offset":12,"h_offset":0,"inset":false,"enable":true,"color":{"color":"rgba(34, 56, 101, 0.04)"}},"boxed_content_spacing":{"desktop":{"top":"40px","bottom":"40px","left":"40px","right":"40px","linked":true},"tablet":{"top":"35px","bottom":"35px","left":"35px","right":"35px","linked":true},"mobile":{"top":"20px","bottom":"20px","left":"20px","right":"20px","linked":true}},"content_boxed_radius":{"top":"3px","bottom":"3px","left":"3px","right":"3px","linked":true},"453508cd461f98fe58ccdb21798be187":"","disable_featured_image":"no","disable_share_box":"no","disable_header":"no","disable_footer":"no","6ebca039bc2542bb9db706be2291bef8":"","7413a2a1ca2dbff1ca450005fdea5281":"","d1d0b7007172470c759adf0d3d0f9161":"","891118b401e274b7301e0478b742b4a5":"","dd823ac85e6885d44bdc837561a9d674":"","c9d054d58529607035862fd5258b2d26":"","e3fbf8563859b467c291c786d687d1bd":"","e0a0f95ab5066fc585e8bb71b42e698c":""},"featured_image_urls":{"full":"","thumbnail":"","medium":"","medium_large":"","large":"","1536x1536":"","2048x2048":""},"post_excerpt_stackable":"<p>Bem vindo(a) \u00e0 nossa p\u00e1gina Aperfei\u00e7oando habilidades sociais e compet\u00eancia social Este site \u00e9 de acesso restrito aos leitores desses livros, para a realiza\u00e7\u00e3o das atividades virtuais associadas a v\u00eddeos disponibilizados nos livros por meio de links e QRCodes. Mais informa\u00e7\u00f5es do livro aqui Para obter esse acesso, voc\u00ea precisa: 1.\u00a0Preencher o cadastro abaixo (seus dados ficar\u00e3o dispon\u00edveis na sua\u00a0\u00e1rea de membro).2.\u00a0Depois disso, o administrador, com base nas informa\u00e7\u00f5es do formul\u00e1rio, ir\u00e1 qualifica-lo como visitante cadastrado e autorizar seu acesso.3.\u00a0Ao ser autorizado, voc\u00ea pode entrar como visitante cadastrado, acessar os materiais e tamb\u00e9m o\u00a0BLOG\u00a0deste site. 4. Antes de acessar assista&hellip;<\/p>\n","category_list":"","author_info":{"name":"RIHS","url":"https:\/\/www.rihs.ufscar.br\/hslivros-2\/author\/rihs\/"},"comments_num":"0 comments","_links":{"self":[{"href":"https:\/\/www.rihs.ufscar.br\/hslivros-2\/wp-json\/wp\/v2\/pages\/110"}],"collection":[{"href":"https:\/\/www.rihs.ufscar.br\/hslivros-2\/wp-json\/wp\/v2\/pages"}],"about":[{"href":"https:\/\/www.rihs.ufscar.br\/hslivros-2\/wp-json\/wp\/v2\/types\/page"}],"author":[{"embeddable":true,"href":"https:\/\/www.rihs.ufscar.br\/hslivros-2\/wp-json\/wp\/v2\/users\/1"}],"replies":[{"embeddable":true,"href":"https:\/\/www.rihs.ufscar.br\/hslivros-2\/wp-json\/wp\/v2\/comments?post=110"}],"version-history":[{"count":5,"href":"https:\/\/www.rihs.ufscar.br\/hslivros-2\/wp-json\/wp\/v2\/pages\/110\/revisions"}],"predecessor-version":[{"id":667,"href":"https:\/\/www.rihs.ufscar.br\/hslivros-2\/wp-json\/wp\/v2\/pages\/110\/revisions\/667"}],"wp:attachment":[{"href":"https:\/\/www.rihs.ufscar.br\/hslivros-2\/wp-json\/wp\/v2\/media?parent=110"}],"curies":[{"name":"wp","href":"https:\/\/api.w.org\/{rel}","templated":true}]}}