{"id":12,"date":"2022-04-21T16:21:28","date_gmt":"2022-04-21T19:21:28","guid":{"rendered":"https:\/\/www.rihs.ufscar.br\/hslivros-2\/?page_id=12"},"modified":"2024-07-30T12:12:21","modified_gmt":"2024-07-30T15:12:21","slug":"minha-conta","status":"publish","type":"page","link":"https:\/\/www.rihs.ufscar.br\/hslivros-2\/minha-conta\/","title":{"rendered":"Minha conta"},"content":{"rendered":"<div><div id=\"user-registration\" class=\"user-registration\">\n\n\n<div class=\"ur-frontend-form login \" id=\"ur-frontend-form\">\n\n\t<form class=\"user-registration-form user-registration-form-login login\" method=\"post\">\n\t\t<div class=\"ur-form-row\">\n\t\t\t<div class=\"ur-form-grid\">\n\t\t\t\t\t\t\t\t\t\t\t\t\t\t<p class=\"user-registration-form-row user-registration-form-row--wide form-row form-row-wide\">\n\t\t\t\t\t\t<label for=\"username\">Nome de Usu\u00e1rio ou Endere\u00e7o de Email <span class=\"required\">*<\/span><\/label>\t\t\t\t\t\t<span class=\"input-wrapper\">\n\t\t\t\t\t\t<input placeholder=\"\" type=\"text\" class=\"user-registration-Input user-registration-Input--text input-text\" name=\"username\" id=\"username\" value=\"\" style=\"\"\/>\n\t\t\t\t\t\t\t\t\t\t\t\t<\/span>\n\t\t\t\t\t<\/p>\n\t\t\t\t\t<p class=\"user-registration-form-row user-registration-form-row--wide form-row form-row-wide\">\n\t\t\t\t\t\t<label for=\"password\">Senha <span class=\"required\">*<\/span><\/label>\t\t\t\t\t\t<span class=\"input-wrapper\">\n\t\t\t\t\t\t<span class=\"password-input-group\">\n\t\t\t\t\t\t<input placeholder=\"\" class=\"user-registration-Input user-registration-Input--text input-text\" type=\"password\" name=\"password\" id=\"password\" style=\"\" \/>\n\n\t\t\t\t\t\t\t\t\t\t\t\t\t\t\t\t\t\t<\/span>\n\t\t\t\t\t<\/p>\n\n\t\t\t\t\t\n\t\t\t\t\t\n\t\t\t\t\t<p class=\"form-row\">\n\t\t\t\t\t\t<input type=\"hidden\" id=\"user-registration-login-nonce\" name=\"user-registration-login-nonce\" value=\"70e014016e\" \/><input type=\"hidden\" name=\"_wp_http_referer\" value=\"\/hslivros-2\/wp-json\/wp\/v2\/pages\/12\" \/>\t\t\t\t\t\t<div>\n\t\t\t\t\t\t\t\t\t\t\t\t\t\t<input type=\"submit\" class=\"user-registration-Button button \" name=\"login\" value=\"Entrar\" \/>\n\t\t\t\t\t\t\t\t\t\t\t\t\t<\/div>\n\t\t\t\t\t\t<input type=\"hidden\" name=\"redirect\" value=\"\" \/>\n\t\t\t\t\t\t\t\t\t\t\t\t\t\t<label class=\"user-registration-form__label user-registration-form__label-for-checkbox inline\">\n\t\t\t\t\t\t\t\t\t<input class=\"user-registration-form__input user-registration-form__input-checkbox\" name=\"rememberme\" type=\"checkbox\" id=\"rememberme\" value=\"forever\" \/> <span>Lembrar de mim<\/span>\n\t\t\t\t\t\t\t\t<\/label>\n\t\t\t\t\t\t\t\t\t\t\t\t\t<\/p>\n\n\t\t\t\t\t\t\t\t\t\t\t\t\t<p class=\"user-registration-LostPassword lost_password\">\n\t\t\t\t\t\t\t\t\t<a href=\"https:\/\/www.rihs.ufscar.br\/hslivros-2\/minha-conta\/lost-password\/\">Perdeu sua senha?<\/a>\n\t\t\t\t\t\t\t\t<\/p>\n\t\t\t\t\t\t\t\n\t\t\t\t\t<p class=\"user-registration-register register\">\t\t\t\t\t\t\t\t<a href=\"https:\/\/www.rihs.ufscar.br\/hslivros-2\/cadastrar\/\"> Ainda n\u00e3o \u00e9 membro? Registrar agora.\t\t\t\t\t\t\t\t\t<\/a>\n\t\t\t\t\t\t\t\t<\/p>\t\t\t\t\t\t\t\t<\/div>\n\t\t<\/div>\n\t<\/form>\n\n<\/div>\n\n<\/div><\/div>\n","protected":false},"excerpt":{"rendered":"","protected":false},"author":1,"featured_media":0,"parent":0,"menu_order":0,"comment_status":"closed","ping_status":"closed","template":"","meta":[],"blocksy_meta":{"styles_descriptor":{"styles":{"desktop":"","tablet":"","mobile":""},"google_fonts":[],"version":5}},"featured_image_urls":{"full":"","thumbnail":"","medium":"","medium_large":"","large":"","1536x1536":"","2048x2048":""},"post_excerpt_stackable":"<p>Nome de Usu\u00e1rio ou Endere\u00e7o de Email * Senha * Lembrar de mim Perdeu sua senha? Ainda n\u00e3o \u00e9 membro? Registrar agora.<\/p>\n","category_list":"","author_info":{"name":"RIHS","url":"https:\/\/www.rihs.ufscar.br\/hslivros-2\/author\/rihs\/"},"comments_num":"0 comments","_links":{"self":[{"href":"https:\/\/www.rihs.ufscar.br\/hslivros-2\/wp-json\/wp\/v2\/pages\/12"}],"collection":[{"href":"https:\/\/www.rihs.ufscar.br\/hslivros-2\/wp-json\/wp\/v2\/pages"}],"about":[{"href":"https:\/\/www.rihs.ufscar.br\/hslivros-2\/wp-json\/wp\/v2\/types\/page"}],"author":[{"embeddable":true,"href":"https:\/\/www.rihs.ufscar.br\/hslivros-2\/wp-json\/wp\/v2\/users\/1"}],"replies":[{"embeddable":true,"href":"https:\/\/www.rihs.ufscar.br\/hslivros-2\/wp-json\/wp\/v2\/comments?post=12"}],"version-history":[{"count":8,"href":"https:\/\/www.rihs.ufscar.br\/hslivros-2\/wp-json\/wp\/v2\/pages\/12\/revisions"}],"predecessor-version":[{"id":665,"href":"https:\/\/www.rihs.ufscar.br\/hslivros-2\/wp-json\/wp\/v2\/pages\/12\/revisions\/665"}],"wp:attachment":[{"href":"https:\/\/www.rihs.ufscar.br\/hslivros-2\/wp-json\/wp\/v2\/media?parent=12"}],"curies":[{"name":"wp","href":"https:\/\/api.w.org\/{rel}","templated":true}]}}