{"id":14,"date":"2022-04-21T16:26:55","date_gmt":"2022-04-21T19:26:55","guid":{"rendered":"https:\/\/www.rihs.ufscar.br\/hslivros-2\/?page_id=14"},"modified":"2022-04-21T16:26:55","modified_gmt":"2022-04-21T19:26:55","slug":"cadastrar","status":"publish","type":"page","link":"https:\/\/www.rihs.ufscar.br\/hslivros-2\/cadastrar\/","title":{"rendered":"Cadastrar"},"content":{"rendered":"\t<div class='user-registration ur-frontend-form  ' id='user-registration-form-9'>\n\t\t<form method='post' class='register' data-form-id=\"9\"\n\t\t\t  data-enable-strength-password=\"\" data-minimum-password-strength=\"3\"  \"enctype=multipart\/form-data\" data-captcha-enabled=\"\">\n\n\t\t\t\t\t\t\t\t\t<div class='ur-form-row'>\n\t\t\t\t\t\t\t\t\t\t\t\t\t\t\t\t<div class=\"ur-form-grid ur-grid-1\"\n\t\t\t\t\t\t\t\t\t\t\t style=\"width:99%\">\n\t\t\t\t\t\t\t\t\t\t\t\t\t\t\t\t\t\t\t\t\t\t\t\t<div  data-field-id=\"user_login\" class=\"ur-field-item field-user_login \">\n\t\t\t\t\t\t\t\t\t\t\t\t\t<div class=\"form-row validate-required\" id=\"user_login_field\" data-priority=\"\" ><label for=\"user_login\" class=\"ur-label\">Nome <abbr class=\"required\" title=\"required\">*<\/abbr><\/label> <span class=\"input-wrapper\"> <input data-rules=\"\" data-id=\"user_login\" type=\"text\" class=\"input-text  input-text ur-frontend-field  \" name=\"user_login\" id=\"user_login\" placeholder=\"\"  value=\"\" required=\"required\" data-label=\"Nome\" data-username-character=\"yes\"\/> <\/span> <\/div>\t\t\t\t\t\t\t\t\t\t\t\t\t\t\t<\/div>\n\t\t\t\t\t\t\t\t\t\t\t\t\t\t\t\t\t\t\t\t\t\t\t\t\t\t\t\t<div  data-field-id=\"user_email\" class=\"ur-field-item field-user_email \">\n\t\t\t\t\t\t\t\t\t\t\t\t\t<div class=\"form-row validate-required\" id=\"user_email_field\" data-priority=\"\" ><label for=\"user_email\" class=\"ur-label\">E-mail <abbr class=\"required\" title=\"required\">*<\/abbr><\/label> <span class=\"input-wrapper\"> <input data-rules=\"\" data-id=\"user_email\" type=\"email\" class=\"input-text  input-email ur-frontend-field  \" name=\"user_email\" id=\"user_email\" placeholder=\"\"  value=\"\" required=\"required\" data-label=\"E-mail\" \/> <\/span> <\/div>\t\t\t\t\t\t\t\t\t\t\t\t\t\t\t<\/div>\n\t\t\t\t\t\t\t\t\t\t\t\t\t\t\t\t\t\t\t\t\t\t\t\t\t\t\t\t<div  data-field-id=\"input_box_1650570152\" class=\"ur-field-item field-text \">\n\t\t\t\t\t\t\t\t\t\t\t\t\t<div class=\"form-row validate-required\" id=\"input_box_1650570152_field\" data-priority=\"\" ><label for=\"input_box_1650570152\" class=\"ur-label\">CPF \/ RG <abbr class=\"required\" title=\"required\">*<\/abbr><\/label> <span class=\"input-wrapper\"> <input data-rules=\"\" data-id=\"input_box_1650570152\" type=\"text\" class=\"input-text  input-text ur-frontend-field  \" name=\"input_box_1650570152\" id=\"input_box_1650570152\" placeholder=\"\"  value=\"\" required=\"required\" data-label=\"CPF \/ RG\" maxlength=\"150\" \/> <\/span> <\/div>\t\t\t\t\t\t\t\t\t\t\t\t\t\t\t<\/div>\n\t\t\t\t\t\t\t\t\t\t\t\t\t\t\t\t\t\t\t\t\t\t\t\t\t\t\t\t<div  data-field-id=\"input_box_1650570185\" class=\"ur-field-item field-text \">\n\t\t\t\t\t\t\t\t\t\t\t\t\t<div class=\"form-row validate-required\" id=\"input_box_1650570185_field\" data-priority=\"\" ><label for=\"input_box_1650570185\" class=\"ur-label\">Endere\u00e7o <abbr class=\"required\" title=\"required\">*<\/abbr><\/label> <span class=\"input-wrapper\"> <input data-rules=\"\" data-id=\"input_box_1650570185\" type=\"text\" class=\"input-text  input-text ur-frontend-field  \" name=\"input_box_1650570185\" id=\"input_box_1650570185\" placeholder=\"\"  value=\"\" required=\"required\" data-label=\"Endere\u00e7o\" maxlength=\"200\" \/> <\/span> <\/div>\t\t\t\t\t\t\t\t\t\t\t\t\t\t\t<\/div>\n\t\t\t\t\t\t\t\t\t\t\t\t\t\t\t\t\t\t\t\t\t\t\t\t\t\t\t\t<div  data-field-id=\"input_box_1650570222\" class=\"ur-field-item field-text \">\n\t\t\t\t\t\t\t\t\t\t\t\t\t<div class=\"form-row validate-required\" id=\"input_box_1650570222_field\" data-priority=\"\" ><label for=\"input_box_1650570222\" class=\"ur-label\">Forma\u00e7\u00e3o acad\u00eamica <abbr class=\"required\" title=\"required\">*<\/abbr><\/label> <span class=\"input-wrapper\"> <input data-rules=\"\" data-id=\"input_box_1650570222\" type=\"text\" class=\"input-text  input-text ur-frontend-field  \" name=\"input_box_1650570222\" id=\"input_box_1650570222\" placeholder=\"\"  value=\"\" required=\"required\" data-label=\"Forma\u00e7\u00e3o acad\u00eamica\" maxlength=\"150\" \/> <\/span> <\/div>\t\t\t\t\t\t\t\t\t\t\t\t\t\t\t<\/div>\n\t\t\t\t\t\t\t\t\t\t\t\t\t\t\t\t\t\t\t\t\t\t\t\t\t\t\t\t<div  data-field-id=\"input_box_1650570251\" class=\"ur-field-item field-text \">\n\t\t\t\t\t\t\t\t\t\t\t\t\t<div class=\"form-row validate-required\" id=\"input_box_1650570251_field\" data-priority=\"\" ><label for=\"input_box_1650570251\" class=\"ur-label\">Atua\u00e7\u00e3o profissional <abbr class=\"required\" title=\"required\">*<\/abbr><\/label> <span class=\"input-wrapper\"> <input data-rules=\"\" data-id=\"input_box_1650570251\" type=\"text\" class=\"input-text  input-text ur-frontend-field  \" name=\"input_box_1650570251\" id=\"input_box_1650570251\" placeholder=\"\"  value=\"\" required=\"required\" data-label=\"Atua\u00e7\u00e3o profissional\" maxlength=\"150\" \/> <\/span> <span class=\"description\">Se \u00e1rea educacional, indicar fun\u00e7\u00e3o e institui\u00e7\u00e3o; se professor, indicar s\u00e9rie\/n\u00edvel escolar em que ensina, escola e conte\u00fado curricular.<\/span><\/div>\t\t\t\t\t\t\t\t\t\t\t\t\t\t\t<\/div>\n\t\t\t\t\t\t\t\t\t\t\t\t\t\t\t\t\t\t\t\t\t\t\t\t\t\t\t\t<div  data-field-id=\"file_1650570331\" class=\"ur-field-item field-file \">\n\t\t\t\t\t\t\t\t\t\t\t\t\t\t\t<div class=\"urfu-file-upload\" data-id=\"file_1650570331\">\n\t\t\t<div class=\"form-row \" id=\"file_1650570331_field\" data-priority=\"\">\n\t\t\t\t<label for=\"file_1650570331\" class=\"ur-label\">Comprovante de pagamento do Livro\t\t\t\t\t\t\t\t\t<abbr class=\"required\"\n\t\t\t\t\t\ttitle=\"required\">*\n\t\t\t\t\t<\/abbr>\n\t\t\t\t\t\t\t\t\t<\/label>\n\t\t\t\t\t\t<div class=\"dropzone dz-clickable\" id=\"ur_file_1650570331\" data-id=\"file_1650570331\">\n\t\t\t<div class=\"dz-message \">\n\t\t\t\t<svg xmlns=\"http:\/\/www.w3.org\/2000\/svg\" viewBox=\"0 0 32 32\" width=\"32px\" height=\"32px\" fill=\"#868e96\"><path class=\"cls-1\" d=\"M18.12,17.52,17,16.4V25a1,1,0,0,1-2,0V16.4l-1.12,1.12a1,1,0,0,1-1.42,0,1,1,0,0,1,0-1.41l2.83-2.83a1,1,0,0,1,1.42,0l2.83,2.83a1,1,0,0,1-.71,1.7A1,1,0,0,1,18.12,17.52ZM22,22H20a1,1,0,0,1,0-2h2a4,4,0,0,0,.27-8,1,1,0,0,1-.84-.57,6,6,0,0,0-11.36,1.69,1,1,0,0,1-1,.86H9A3,3,0,0,0,9,20h3a1,1,0,0,1,0,2H9a5,5,0,0,1-.75-9.94A8,8,0,0,1,23,10.1,6,6,0,0,1,22,22Z\"><\/path><\/svg>\n\t\t\t\t<span class=\"user-registration-file-upload-title\">\n\t\t\t\t\tDrop your file here or click here to upload\t\t\t\t<\/span>\n\t\t\t\t<span class=\"user-registration-file-upload-hint\">\n\t\t\t\t\tYou can upload up to 1 files\t\t\t\t<\/span>\n\t\t\t<\/div>\n\t\t\t<span class=\"urfu-upload-node\" style=\"height: 0;width: 0;margin: 0;padding: 0;float: left;border: 0;overflow: hidden;\">\n\t\t\t\t<input type=\"file\" multiple>\n\t\t\t\t<input data-rules=\"\" type=\"text\" class=\"urfu-file-input dropzone-input input-text ur-frontend-field  \" name=\"file_1650570331\" id=\"file_1650570331\" placeholder=\"\"  value=\"\" required=&quot;required&quot; data-label=&quot;Comprovante de pagamento do Livro&quot; data-max-file-number=\"1\" data-max-file-limit=\"1\" data-max-upload-size-limit=\"1024\" data-valid-file-type=\"application\/pdf, image\/jpeg, image\/png\" \/>\t\t\t<\/span>\n\t\t\t\t\t<\/div>\n\t\t<span class=\"description\">Arquivos suportados: pdf, jpeg e png.<\/span>\t\t\t<\/div>\n\t\t<\/div>\n\n\t\t\t\t\t\t\t\t\t\t\t\t\t\t\t\t\t<\/div>\n\t\t\t\t\t\t\t\t\t\t\t\t\t\t\t\t\t\t\t\t\t\t\t\t\t\t\t\t<div  data-field-id=\"user_pass\" class=\"ur-field-item field-user_pass \">\n\t\t\t\t\t\t\t\t\t\t\t\t\t<div class=\"form-row validate-required hide_show_password\" id=\"user_pass_field\" data-priority=\"\"><label for=\"user_pass\" class=\"ur-label\">Senha <abbr class=\"required\" title=\"required\">*<\/abbr><\/label> <span class=\"input-wrapper\"> <span class=\"password-input-group input-form-field-icons\"><input data-rules=\"\" data-id=\"user_pass\" type=\"password\" class=\"input-text  input-password ur-frontend-field  \" name=\"user_pass\" id=\"user_pass\" placeholder=\"\"  value=\"\" required=\"required\" data-label=\"Senha\" \/><\/span> <\/span> <\/div>\t\t\t\t\t\t\t\t\t\t\t\t\t\t\t<\/div>\n\t\t\t\t\t\t\t\t\t\t\t\t\t\t\t\t\t\t\t\t\t\t\t\t\t\t\t\t<div  data-field-id=\"user_confirm_password\" class=\"ur-field-item field-user_confirm_password \">\n\t\t\t\t\t\t\t\t\t\t\t\t\t<div class=\"form-row validate-required hide_show_password\" id=\"user_confirm_password_field\" data-priority=\"\"><label for=\"user_confirm_password\" class=\"ur-label\">Confirme a senha <abbr class=\"required\" title=\"required\">*<\/abbr><\/label> <span class=\"input-wrapper\"> <span class=\"password-input-group input-form-field-icons\"><input data-rules=\"\" data-id=\"user_confirm_password\" type=\"password\" class=\"input-text  input-password ur-frontend-field  \" name=\"user_confirm_password\" id=\"user_confirm_password\" placeholder=\"\"  value=\"\" required=\"required\" data-label=\"Confirme a senha\" \/><\/span> <\/span> <\/div>\t\t\t\t\t\t\t\t\t\t\t\t\t\t\t<\/div>\n\t\t\t\t\t\t\t\t\t\t\t\t\t\t\t\t\t\t\t\t\t\t\t<\/div>\n\t\t\t\t\t\t\t\t\t\t\t\t\t\t\t<\/div>\n\t\t\t\t\t\t\t\t\t\t\t\t\t\t<div class=\"ur-button-container \" >\n\t\t\t\t\t\t\t\t\t\t\t\t<button type=\"submit\" class=\"btn button ur-submit-button \">\n\t\t\t\t\t\t\t<span><\/span>\n\t\t\t\t\t\t\tCONCLUIR CADASTRO\t\t\t\t\t\t<\/button>\n\t\t\t\t\t\t\t\t\t\t\t\t\t\t\t\t\t<\/div>\n\t\t\t\t\t\n\t\t\t<div style=\"clear:both\"><\/div>\n\t\t\t\t\t\t<input type=\"hidden\" name=\"ur-user-form-id\" value=\"9\"\/>\n\t\t\t<input type=\"hidden\" name=\"ur-redirect-url\" value=\"\"\/>\n\t\t\t<input type=\"hidden\" id=\"ur_frontend_form_nonce\" name=\"ur_frontend_form_nonce\" value=\"3a9d3c5397\" \/>\n\t\t\t\t\t<\/form>\n\n\t\t<div style=\"clear:both\"><\/div>\n\t<\/div>\n\n","protected":false},"excerpt":{"rendered":"","protected":false},"author":1,"featured_media":0,"parent":0,"menu_order":0,"comment_status":"closed","ping_status":"closed","template":"","meta":[],"blocksy_meta":{"styles_descriptor":{"styles":{"desktop":"","tablet":"","mobile":""},"google_fonts":[],"version":5}},"featured_image_urls":{"full":"","thumbnail":"","medium":"","medium_large":"","large":"","1536x1536":"","2048x2048":""},"post_excerpt_stackable":"<p>Nome * E-mail * CPF \/ RG * Endere\u00e7o * Forma\u00e7\u00e3o acad\u00eamica * Atua\u00e7\u00e3o profissional * Se \u00e1rea educacional, indicar fun\u00e7\u00e3o e institui\u00e7\u00e3o; se professor, indicar s\u00e9rie\/n\u00edvel escolar em que ensina, escola e conte\u00fado curricular. Comprovante de pagamento do Livro * Drop your file here or click here to upload You can upload up to 1 files Arquivos suportados: pdf, jpeg e png. Senha * Confirme a senha * CONCLUIR CADASTRO<\/p>\n","category_list":"","author_info":{"name":"RIHS","url":"https:\/\/www.rihs.ufscar.br\/hslivros-2\/author\/rihs\/"},"comments_num":"0 comments","_links":{"self":[{"href":"https:\/\/www.rihs.ufscar.br\/hslivros-2\/wp-json\/wp\/v2\/pages\/14"}],"collection":[{"href":"https:\/\/www.rihs.ufscar.br\/hslivros-2\/wp-json\/wp\/v2\/pages"}],"about":[{"href":"https:\/\/www.rihs.ufscar.br\/hslivros-2\/wp-json\/wp\/v2\/types\/page"}],"author":[{"embeddable":true,"href":"https:\/\/www.rihs.ufscar.br\/hslivros-2\/wp-json\/wp\/v2\/users\/1"}],"replies":[{"embeddable":true,"href":"https:\/\/www.rihs.ufscar.br\/hslivros-2\/wp-json\/wp\/v2\/comments?post=14"}],"version-history":[{"count":1,"href":"https:\/\/www.rihs.ufscar.br\/hslivros-2\/wp-json\/wp\/v2\/pages\/14\/revisions"}],"predecessor-version":[{"id":15,"href":"https:\/\/www.rihs.ufscar.br\/hslivros-2\/wp-json\/wp\/v2\/pages\/14\/revisions\/15"}],"wp:attachment":[{"href":"https:\/\/www.rihs.ufscar.br\/hslivros-2\/wp-json\/wp\/v2\/media?parent=14"}],"curies":[{"name":"wp","href":"https:\/\/api.w.org\/{rel}","templated":true}]}}