{"id":170,"date":"2022-04-23T14:26:35","date_gmt":"2022-04-23T17:26:35","guid":{"rendered":"https:\/\/www.rihs.ufscar.br\/hslivros-2\/?page_id=170"},"modified":"2022-04-25T09:20:04","modified_gmt":"2022-04-25T12:20:04","slug":"sobre-o-projeto","status":"publish","type":"page","link":"https:\/\/www.rihs.ufscar.br\/hslivros-2\/sobre-o-projeto\/","title":{"rendered":"Sobre o Projeto"},"content":{"rendered":"\n<p>Este site foi constru\u00eddo para acolher os materiais\u00a0multim\u00eddia deste livro <strong>Aperfei\u00e7oando minhas habilidades sociais e compet\u00eancia social<\/strong>. Trata-se de um livro planejado como &#8220;entrada de \u00e1rea&#8221; para todas as pessoas que desejam conhecer o campo te\u00f3rico pr\u00e1tico e desenvolver suas habilidades sociais e compet\u00eancia social. O livro \u00e9 destinado, portanto, a todas as pessoas e, em particular, a estudantes de cursos que lidam com pessoas (p.e., educa\u00e7\u00e3o, sa\u00fade, trabalho etc.) e a profissionais de recursos humanos e terapeutas que atendem pessoas com dificuldades interpessoais.<\/p>\n\n\n\n<p>Este livro foi originalmente testado e utilizado como etapa inicial do projeto de pesquisa de forma\u00e7\u00e3o de professores ofertado no ambiente virtual, ofertado no Portal dos Professores da Universidade Federal de S\u00e3o Carlos. Tamb\u00e9m tem sido utilizado em <strong>cursos online de habilidades sociais<\/strong>, tanto de gradua\u00e7\u00e3o como de p\u00f3s gradua\u00e7\u00e3o epode ser adotado como introdu\u00e7\u00e3o conceitual e pr\u00e1tica para outros projetos de desenvolvimento interpessoal de adolescentes, casais e pessoas em forma\u00e7\u00e3o profissional.<\/p>\n\n\n\n<p>Este livro,\u00a0<strong>Aperfei\u00e7oando minhas habilidades sociais e compet\u00eancia social<\/strong>, apresenta as bases do campo te\u00f3rico e pr\u00e1tico das habilidades sociais e uma maior \u00eanfase em promover o desenvolvimento pessoal\/interpessoal do leitor (ou cursista), por meio de atividades pr\u00e1ticas e interativas das principais classes de habilidades sociais relevantes para a qualidade das intera\u00e7\u00f5es sociais cotidianas. Essas atividades visam ampliar as habilidades sociais e garantir que o leitor ou cursista experimente, em seu cotidiano, o impacto das habilidades sociais para a qualidade de vida na fam\u00edlia, no trabalho, com amigos, conhecidos e mesmo desconhecidos.<\/p>\n\n\n\n<p>Como informa\u00e7\u00f5es complementares, recomendamos os v\u00eddeos dispon\u00edveis em nosso <strong><a href=\"https:\/\/www.rihs.ufscar.br\/hslivros-2\/category\/blog\/\">BLOG<\/a>.<\/strong><\/p>\n","protected":false},"excerpt":{"rendered":"<p>Este site foi constru\u00eddo para acolher os materiais\u00a0multim\u00eddia deste livro Aperfei\u00e7oando minhas habilidades sociais e compet\u00eancia social. Trata-se de um livro planejado como &#8220;entrada de \u00e1rea&#8221; para todas as pessoas que desejam conhecer o campo te\u00f3rico pr\u00e1tico e desenvolver suas habilidades sociais e compet\u00eancia social. O livro \u00e9 destinado, portanto, a todas as pessoas e, em particular, a estudantes de cursos que lidam com pessoas (p.e., educa\u00e7\u00e3o, sa\u00fade, trabalho etc.) e a profissionais de recursos humanos e terapeutas que atendem pessoas com dificuldades interpessoais. Este livro foi originalmente testado e utilizado como etapa inicial do projeto de pesquisa de forma\u00e7\u00e3o\u2026<\/p>\n","protected":false},"author":1,"featured_media":0,"parent":0,"menu_order":0,"comment_status":"closed","ping_status":"closed","template":"","meta":[],"blocksy_meta":{"styles_descriptor":{"styles":{"desktop":"","tablet":"","mobile":""},"google_fonts":[],"version":5}},"featured_image_urls":{"full":"","thumbnail":"","medium":"","medium_large":"","large":"","1536x1536":"","2048x2048":""},"post_excerpt_stackable":"<p>Este site foi constru\u00eddo para acolher os materiais\u00a0multim\u00eddia deste livro Aperfei\u00e7oando minhas habilidades sociais e compet\u00eancia social. Trata-se de um livro planejado como &#8220;entrada de \u00e1rea&#8221; para todas as pessoas que desejam conhecer o campo te\u00f3rico pr\u00e1tico e desenvolver suas habilidades sociais e compet\u00eancia social. O livro \u00e9 destinado, portanto, a todas as pessoas e, em particular, a estudantes de cursos que lidam com pessoas (p.e., educa\u00e7\u00e3o, sa\u00fade, trabalho etc.) e a profissionais de recursos humanos e terapeutas que atendem pessoas com dificuldades interpessoais. Este livro foi originalmente testado e utilizado como etapa inicial do projeto de pesquisa de forma\u00e7\u00e3o&hellip;<\/p>\n","category_list":"","author_info":{"name":"RIHS","url":"https:\/\/www.rihs.ufscar.br\/hslivros-2\/author\/rihs\/"},"comments_num":"0 comments","_links":{"self":[{"href":"https:\/\/www.rihs.ufscar.br\/hslivros-2\/wp-json\/wp\/v2\/pages\/170"}],"collection":[{"href":"https:\/\/www.rihs.ufscar.br\/hslivros-2\/wp-json\/wp\/v2\/pages"}],"about":[{"href":"https:\/\/www.rihs.ufscar.br\/hslivros-2\/wp-json\/wp\/v2\/types\/page"}],"author":[{"embeddable":true,"href":"https:\/\/www.rihs.ufscar.br\/hslivros-2\/wp-json\/wp\/v2\/users\/1"}],"replies":[{"embeddable":true,"href":"https:\/\/www.rihs.ufscar.br\/hslivros-2\/wp-json\/wp\/v2\/comments?post=170"}],"version-history":[{"count":2,"href":"https:\/\/www.rihs.ufscar.br\/hslivros-2\/wp-json\/wp\/v2\/pages\/170\/revisions"}],"predecessor-version":[{"id":227,"href":"https:\/\/www.rihs.ufscar.br\/hslivros-2\/wp-json\/wp\/v2\/pages\/170\/revisions\/227"}],"wp:attachment":[{"href":"https:\/\/www.rihs.ufscar.br\/hslivros-2\/wp-json\/wp\/v2\/media?parent=170"}],"curies":[{"name":"wp","href":"https:\/\/api.w.org\/{rel}","templated":true}]}}