{"id":199,"date":"2022-04-23T14:51:07","date_gmt":"2022-04-23T17:51:07","guid":{"rendered":"https:\/\/www.rihs.ufscar.br\/hslivros-2\/?page_id=199"},"modified":"2022-04-23T14:53:34","modified_gmt":"2022-04-23T17:53:34","slug":"equipe","status":"publish","type":"page","link":"https:\/\/www.rihs.ufscar.br\/hslivros-2\/equipe\/","title":{"rendered":"Equipe"},"content":{"rendered":"\n<h2 class=\"wp-block-heading\">Coordenadores<\/h2>\n\n\n\n<div class=\"wp-block-stackable-posts alignwide is-style-list stk-block-posts stk-block stk-14833ac\" data-block-id=\"14833ac\"><style>.stk-14833ac-container .stk-block-posts__image-link{flex-basis:35% !important}.stk-14833ac-container .stk-block-posts__image-link img{border-radius:10px !important}.stk-14833ac .stk-container-padding{width:65% !important}<\/style><div class=\"stk-inner-blocks stk-content-align stk-14833ac-column alignwide\"><div class=\"stk-block-posts__items\"><div class=\"stk-block-posts__item\"><div class=\"stk-container stk-14833ac-container stk--no-background stk--no-padding\"><a href=\"https:\/\/www.rihs.ufscar.br\/hslivros-2\/zilda-a-p-del-prette\/\" class=\"stk-block-posts__image-link\"><figure class=\"stk-img-wrapper\"><img width=\"1923\" height=\"2560\" src=\"https:\/\/www.rihs.ufscar.br\/hslivros-2\/wp-content\/uploads\/2022\/04\/IMG_2619-scaled-1.jpg\" class=\"attachment-full size-full wp-post-image\" alt=\"\" decoding=\"async\" loading=\"lazy\" width=\"1923\" height=\"2560\" srcset=\"https:\/\/www.rihs.ufscar.br\/hslivros-2\/wp-content\/uploads\/2022\/04\/IMG_2619-scaled-1.jpg 1923w, https:\/\/www.rihs.ufscar.br\/hslivros-2\/wp-content\/uploads\/2022\/04\/IMG_2619-scaled-1-225x300.jpg 225w, https:\/\/www.rihs.ufscar.br\/hslivros-2\/wp-content\/uploads\/2022\/04\/IMG_2619-scaled-1-769x1024.jpg 769w, https:\/\/www.rihs.ufscar.br\/hslivros-2\/wp-content\/uploads\/2022\/04\/IMG_2619-scaled-1-768x1022.jpg 768w, https:\/\/www.rihs.ufscar.br\/hslivros-2\/wp-content\/uploads\/2022\/04\/IMG_2619-scaled-1-1154x1536.jpg 1154w, https:\/\/www.rihs.ufscar.br\/hslivros-2\/wp-content\/uploads\/2022\/04\/IMG_2619-scaled-1-1538x2048.jpg 1538w\" sizes=\"(max-width: 1923px) 100vw, 1923px\" \/><\/figure><\/a><article class=\"stk-container-padding\"><h3 class=\"stk-block-posts__title\"><a href='https:\/\/www.rihs.ufscar.br\/hslivros-2\/zilda-a-p-del-prette\/'>Zilda A. P. Del Prette<\/a><\/h3><div class=\"stk-block-posts__excerpt\"><p>Endere\u00e7o para acessar o CV Lattes: http:\/\/lattes.cnpq.br\/8113238388739093<\/p>\n<\/div><\/article><\/div><\/div><div class=\"stk-block-posts__item\"><div class=\"stk-container stk-14833ac-container stk--no-background stk--no-padding\"><a href=\"https:\/\/www.rihs.ufscar.br\/hslivros-2\/almir-del-prette\/\" class=\"stk-block-posts__image-link\"><figure class=\"stk-img-wrapper\"><img width=\"786\" height=\"1024\" src=\"https:\/\/www.rihs.ufscar.br\/hslivros-2\/wp-content\/uploads\/2022\/04\/d49c0f97-792f-4fcd-b40f-5ce9b35ac6a6.jpg\" class=\"attachment-full size-full wp-post-image\" alt=\"\" decoding=\"async\" loading=\"lazy\" width=\"786\" height=\"1024\" srcset=\"https:\/\/www.rihs.ufscar.br\/hslivros-2\/wp-content\/uploads\/2022\/04\/d49c0f97-792f-4fcd-b40f-5ce9b35ac6a6.jpg 786w, https:\/\/www.rihs.ufscar.br\/hslivros-2\/wp-content\/uploads\/2022\/04\/d49c0f97-792f-4fcd-b40f-5ce9b35ac6a6-230x300.jpg 230w, https:\/\/www.rihs.ufscar.br\/hslivros-2\/wp-content\/uploads\/2022\/04\/d49c0f97-792f-4fcd-b40f-5ce9b35ac6a6-768x1001.jpg 768w\" sizes=\"(max-width: 786px) 100vw, 786px\" \/><\/figure><\/a><article class=\"stk-container-padding\"><h3 class=\"stk-block-posts__title\"><a href='https:\/\/www.rihs.ufscar.br\/hslivros-2\/almir-del-prette\/'>Almir Del Prette<\/a><\/h3><div class=\"stk-block-posts__excerpt\"><p>Endere\u00e7o para acessar o CV Lattes:\u00a0http:\/\/lattes.cnpq.br\/2191226494887247<\/p>\n<\/div><\/article><\/div><\/div><\/div><div class=\"stk-inner-blocks\"><\/div><\/div><\/div>\n\n\n\n<div style=\"height:100px\" aria-hidden=\"true\" class=\"wp-block-spacer\"><\/div>\n\n\n\n<hr class=\"wp-block-separator is-style-wide\"\/>\n\n\n\n<div style=\"height:50px\" aria-hidden=\"true\" class=\"wp-block-spacer\"><\/div>\n\n\n\n<h2 class=\"wp-block-heading\">Pesquisadores Associados<\/h2>\n\n\n\n<div class=\"wp-block-stackable-posts alignwide is-style-list stk-block-posts stk-block stk-63529df\" data-block-id=\"63529df\"><style>.stk-63529df-container .stk-block-posts__image-link{flex-basis:35% !important}.stk-63529df-container .stk-block-posts__image-link img{border-radius:10px !important}.stk-63529df .stk-container-padding{width:65% !important}<\/style><div class=\"stk-inner-blocks stk-content-align stk-63529df-column alignwide\"><div class=\"stk-block-posts__items\"><div class=\"stk-block-posts__item\"><div class=\"stk-container stk-63529df-container stk--no-background stk--no-padding\"><a href=\"https:\/\/www.rihs.ufscar.br\/hslivros-2\/talita-pereira-dias\/\" class=\"stk-block-posts__image-link\"><figure class=\"stk-img-wrapper\"><img width=\"400\" height=\"400\" src=\"https:\/\/www.rihs.ufscar.br\/hslivros-2\/wp-content\/uploads\/2022\/04\/Talita-Pereira-Dias-e1586119746448.jpg\" class=\"attachment-full size-full wp-post-image\" alt=\"\" decoding=\"async\" loading=\"lazy\" width=\"400\" height=\"400\" srcset=\"https:\/\/www.rihs.ufscar.br\/hslivros-2\/wp-content\/uploads\/2022\/04\/Talita-Pereira-Dias-e1586119746448.jpg 400w, https:\/\/www.rihs.ufscar.br\/hslivros-2\/wp-content\/uploads\/2022\/04\/Talita-Pereira-Dias-e1586119746448-300x300.jpg 300w, https:\/\/www.rihs.ufscar.br\/hslivros-2\/wp-content\/uploads\/2022\/04\/Talita-Pereira-Dias-e1586119746448-150x150.jpg 150w\" sizes=\"(max-width: 400px) 100vw, 400px\" \/><\/figure><\/a><article class=\"stk-container-padding\"><h3 class=\"stk-block-posts__title\"><a href='https:\/\/www.rihs.ufscar.br\/hslivros-2\/talita-pereira-dias\/'>Talita Pereira Dias<\/a><\/h3><div class=\"stk-block-posts__excerpt\"><p>Endere\u00e7o para acessar o CV Lattes:\u00a0http:\/\/lattes.cnpq.br\/0097014291170034<\/p>\n<\/div><\/article><\/div><\/div><div class=\"stk-block-posts__item\"><div class=\"stk-container stk-63529df-container stk--no-background stk--no-padding\"><a href=\"https:\/\/www.rihs.ufscar.br\/hslivros-2\/camila-negreiros-comodo\/\" class=\"stk-block-posts__image-link\"><figure class=\"stk-img-wrapper\"><img width=\"396\" height=\"393\" src=\"https:\/\/www.rihs.ufscar.br\/hslivros-2\/wp-content\/uploads\/2022\/04\/Camila-Negreiros-Comodo-RIHS-UFSCar-1.png\" class=\"attachment-full size-full wp-post-image\" alt=\"\" decoding=\"async\" loading=\"lazy\" width=\"396\" height=\"393\" srcset=\"https:\/\/www.rihs.ufscar.br\/hslivros-2\/wp-content\/uploads\/2022\/04\/Camila-Negreiros-Comodo-RIHS-UFSCar-1.png 396w, https:\/\/www.rihs.ufscar.br\/hslivros-2\/wp-content\/uploads\/2022\/04\/Camila-Negreiros-Comodo-RIHS-UFSCar-1-300x298.png 300w, https:\/\/www.rihs.ufscar.br\/hslivros-2\/wp-content\/uploads\/2022\/04\/Camila-Negreiros-Comodo-RIHS-UFSCar-1-150x150.png 150w\" sizes=\"(max-width: 396px) 100vw, 396px\" \/><\/figure><\/a><article class=\"stk-container-padding\"><h3 class=\"stk-block-posts__title\"><a href='https:\/\/www.rihs.ufscar.br\/hslivros-2\/camila-negreiros-comodo\/'>Camila Negreiros Comodo<\/a><\/h3><div class=\"stk-block-posts__excerpt\"><p>Endere\u00e7o para acessar o CV Lattes:\u00a0http:\/\/lattes.cnpq.br\/1022196212162281<\/p>\n<\/div><\/article><\/div><\/div><div class=\"stk-block-posts__item\"><div class=\"stk-container stk-63529df-container stk--no-background stk--no-padding\"><a href=\"https:\/\/www.rihs.ufscar.br\/hslivros-2\/juliana-p-dos-santos\/\" class=\"stk-block-posts__image-link\"><figure class=\"stk-img-wrapper\"><img width=\"522\" height=\"544\" src=\"https:\/\/www.rihs.ufscar.br\/hslivros-2\/wp-content\/uploads\/2022\/04\/foto-juliana-enviar.jpg\" class=\"attachment-full size-full wp-post-image\" alt=\"\" decoding=\"async\" loading=\"lazy\" width=\"522\" height=\"544\" srcset=\"https:\/\/www.rihs.ufscar.br\/hslivros-2\/wp-content\/uploads\/2022\/04\/foto-juliana-enviar.jpg 522w, https:\/\/www.rihs.ufscar.br\/hslivros-2\/wp-content\/uploads\/2022\/04\/foto-juliana-enviar-288x300.jpg 288w\" sizes=\"(max-width: 522px) 100vw, 522px\" \/><\/figure><\/a><article class=\"stk-container-padding\"><h3 class=\"stk-block-posts__title\"><a href='https:\/\/www.rihs.ufscar.br\/hslivros-2\/juliana-p-dos-santos\/'>Juliana P. dos Santos<\/a><\/h3><div class=\"stk-block-posts__excerpt\"><p>Endere\u00e7o para acessar o CV Lattes:\u00a0http:\/\/lattes.cnpq.br\/2841372054746894<\/p>\n<\/div><\/article><\/div><\/div><div class=\"stk-block-posts__item\"><div class=\"stk-container stk-63529df-container stk--no-background stk--no-padding\"><a href=\"https:\/\/www.rihs.ufscar.br\/hslivros-2\/beatriz-jabor-botura\/\" class=\"stk-block-posts__image-link\"><figure class=\"stk-img-wrapper\"><img width=\"400\" height=\"400\" src=\"https:\/\/www.rihs.ufscar.br\/hslivros-2\/wp-content\/uploads\/2022\/04\/Beatriz-Jabor-Botura.jpg\" class=\"attachment-full size-full wp-post-image\" alt=\"\" decoding=\"async\" loading=\"lazy\" width=\"400\" height=\"400\" srcset=\"https:\/\/www.rihs.ufscar.br\/hslivros-2\/wp-content\/uploads\/2022\/04\/Beatriz-Jabor-Botura.jpg 400w, https:\/\/www.rihs.ufscar.br\/hslivros-2\/wp-content\/uploads\/2022\/04\/Beatriz-Jabor-Botura-300x300.jpg 300w, https:\/\/www.rihs.ufscar.br\/hslivros-2\/wp-content\/uploads\/2022\/04\/Beatriz-Jabor-Botura-150x150.jpg 150w\" sizes=\"(max-width: 400px) 100vw, 400px\" \/><\/figure><\/a><article class=\"stk-container-padding\"><h3 class=\"stk-block-posts__title\"><a href='https:\/\/www.rihs.ufscar.br\/hslivros-2\/beatriz-jabor-botura\/'>Beatriz Jabor Botura<\/a><\/h3><div class=\"stk-block-posts__excerpt\"><p>Endere\u00e7o para acessar o CV Lattes:\u00a0http:\/\/lattes.cnpq.br\/0998164701209837<\/p>\n<\/div><\/article><\/div><\/div><div class=\"stk-block-posts__item\"><div class=\"stk-container stk-63529df-container stk--no-background stk--no-padding\"><a href=\"https:\/\/www.rihs.ufscar.br\/hslivros-2\/barbara-jus\/\" class=\"stk-block-posts__image-link\"><figure class=\"stk-img-wrapper\"><img width=\"956\" height=\"960\" src=\"https:\/\/www.rihs.ufscar.br\/hslivros-2\/wp-content\/uploads\/2022\/04\/Barbara-Jus.jpg\" class=\"attachment-full size-full wp-post-image\" alt=\"\" decoding=\"async\" loading=\"lazy\" width=\"956\" height=\"960\" srcset=\"https:\/\/www.rihs.ufscar.br\/hslivros-2\/wp-content\/uploads\/2022\/04\/Barbara-Jus.jpg 956w, https:\/\/www.rihs.ufscar.br\/hslivros-2\/wp-content\/uploads\/2022\/04\/Barbara-Jus-300x300.jpg 300w, https:\/\/www.rihs.ufscar.br\/hslivros-2\/wp-content\/uploads\/2022\/04\/Barbara-Jus-150x150.jpg 150w, https:\/\/www.rihs.ufscar.br\/hslivros-2\/wp-content\/uploads\/2022\/04\/Barbara-Jus-768x771.jpg 768w\" sizes=\"(max-width: 956px) 100vw, 956px\" \/><\/figure><\/a><article class=\"stk-container-padding\"><h3 class=\"stk-block-posts__title\"><a href='https:\/\/www.rihs.ufscar.br\/hslivros-2\/barbara-jus\/'>B\u00e1rbara J\u00fas<\/a><\/h3><div class=\"stk-block-posts__excerpt\"><p>Endere\u00e7o para acessar este CV:\u00a0http:\/\/lattes.cnpq.br\/1141777751836983<\/p>\n<\/div><\/article><\/div><\/div><\/div><div class=\"stk-inner-blocks\"><\/div><\/div><\/div>\n","protected":false},"excerpt":{"rendered":"<p>Coordenadores Zilda A. P. Del Prette Endere\u00e7o para acessar o CV Lattes: http:\/\/lattes.cnpq.br\/8113238388739093 Almir Del Prette Endere\u00e7o para acessar o CV Lattes:\u00a0http:\/\/lattes.cnpq.br\/2191226494887247 Pesquisadores Associados Talita Pereira Dias Endere\u00e7o para acessar o CV Lattes:\u00a0http:\/\/lattes.cnpq.br\/0097014291170034 Camila Negreiros Comodo Endere\u00e7o para acessar o CV Lattes:\u00a0http:\/\/lattes.cnpq.br\/1022196212162281 Juliana P. dos Santos Endere\u00e7o para acessar o CV Lattes:\u00a0http:\/\/lattes.cnpq.br\/2841372054746894 Beatriz Jabor Botura Endere\u00e7o para acessar o CV Lattes:\u00a0http:\/\/lattes.cnpq.br\/0998164701209837 B\u00e1rbara J\u00fas Endere\u00e7o para acessar este CV:\u00a0http:\/\/lattes.cnpq.br\/1141777751836983<\/p>\n","protected":false},"author":1,"featured_media":0,"parent":0,"menu_order":0,"comment_status":"closed","ping_status":"closed","template":"","meta":[],"blocksy_meta":{"styles_descriptor":{"styles":{"desktop":"","tablet":"","mobile":""},"google_fonts":[],"version":5},"page_title_panel":"","has_hero_section":"disabled","58d305233e609318ee92e8a662135773":"","hero_section":"type-1","hero_elements":[{"id":"custom_title","enabled":true,"heading_tag":"h1","title":"Home"},{"id":"custom_description","enabled":true,"description_visibility":{"desktop":true,"tablet":true,"mobile":false}},{"id":"custom_meta","enabled":false,"meta_elements":[{"id":"author","enabled":true,"label":"By","has_author_avatar":"yes","avatar_size":25},{"id":"post_date","enabled":true,"label":"On","date_format_source":"default","date_format":"M j, Y"},{"id":"updated_date","enabled":false,"label":"On","date_format_source":"default","date_format":"M j, Y"},{"id":"categories","enabled":false,"label":"In","style":"simple"},{"id":"comments","enabled":true}],"page_meta_elements":{"joined":true,"articles_count":true,"comments":true}},{"id":"breadcrumbs","enabled":false}],"3b87cf8424af44f42c3dc09ba92d4815":"","hero_alignment1":"CT_CSS_SKIP_RULE","hero_margin":40,"hero_alignment2":"center","hero_vertical_alignment":"center","bf93340896d5821d9c27175d32762233":"","hero_structure":"narrow","2ff026853d821b87a173f0f40d2d0d0e":"","page_title_bg_type":"featured_image","custom_hero_background":{"attachment_id":null},"page_title_image_size":"full","parallax":{"desktop":false,"tablet":false,"mobile":false},"d73ce3b5a4f28b7b99f786e5c7882f8c":"","hero_height":"250px","pageTitleFont":{"family":"Default","variation":"Default","size":"30px","line-height":"CT_CSS_SKIP_RULE","letter-spacing":"CT_CSS_SKIP_RULE","text-transform":"CT_CSS_SKIP_RULE","text-decoration":"CT_CSS_SKIP_RULE"},"pageTitleFontColor":{"default":{"color":"CT_CSS_SKIP_RULEDEFAULT"}},"pageMetaFont":{"family":"Default","variation":"n6","size":"12px","line-height":"1.3","letter-spacing":"CT_CSS_SKIP_RULE","text-transform":"uppercase","text-decoration":"CT_CSS_SKIP_RULE"},"pageMetaFontColor":{"default":{"color":"CT_CSS_SKIP_RULEDEFAULT"},"hover":{"color":"CT_CSS_SKIP_RULEDEFAULT"}},"page_meta_button_type_font_colors":{"default":{"color":"CT_CSS_SKIP_RULEDEFAULT"},"hover":{"color":"CT_CSS_SKIP_RULEDEFAULT"}},"page_meta_button_type_background_colors":{"default":{"color":"CT_CSS_SKIP_RULEDEFAULT"},"hover":{"color":"CT_CSS_SKIP_RULEDEFAULT"}},"pageExcerptFont":{"family":"Default","variation":"Default","size":"CT_CSS_SKIP_RULE","line-height":"CT_CSS_SKIP_RULE","letter-spacing":"CT_CSS_SKIP_RULE","text-transform":"CT_CSS_SKIP_RULE","text-decoration":"CT_CSS_SKIP_RULE"},"pageExcerptColor":{"default":{"color":"CT_CSS_SKIP_RULEDEFAULT"}},"breadcrumbsFont":{"family":"Default","variation":"Default","size":"CT_CSS_SKIP_RULE","line-height":"CT_CSS_SKIP_RULE","letter-spacing":"CT_CSS_SKIP_RULE","text-transform":"CT_CSS_SKIP_RULE","text-decoration":"CT_CSS_SKIP_RULE"},"breadcrumbsFontColor":{"default":{"color":"CT_CSS_SKIP_RULEDEFAULT"},"initial":{"color":"CT_CSS_SKIP_RULEDEFAULT"},"hover":{"color":"CT_CSS_SKIP_RULEDEFAULT"}},"pageTitleOverlay":{"background_type":"color","background_pattern":"type-1","background_image":{"attachment_id":null,"x":0,"y":0},"gradient":"linear-gradient(135deg,rgba(6,147,227,1) 0%,rgb(155,81,224) 100%)","background_repeat":"repeat","background_size":"auto","background_attachment":"scroll","patternColor":{"default":{"color":"#e5e7ea"}},"overlayColor":{"default":{"color":"CT_CSS_SKIP_RULE"}},"backgroundColor":{"default":{"color":"CT_CSS_SKIP_RULE"}}},"pageTitleBackground":{"background_type":"color","background_pattern":"type-1","background_image":{"attachment_id":null,"x":0,"y":0},"gradient":"linear-gradient(135deg,rgba(6,147,227,1) 0%,rgb(155,81,224) 100%)","background_repeat":"repeat","background_size":"auto","background_attachment":"scroll","patternColor":{"default":{"color":"#e5e7ea"}},"overlayColor":{"default":{"color":"CT_CSS_SKIP_RULE"}},"backgroundColor":{"default":{"color":"var(--paletteColor6)"}}},"pageTitlePadding":{"top":"50px","bottom":"50px","left":"auto","right":"auto","linked":true},"cd46e39f01dc91386171164af3195baa":"","page_structure_type":"default","d40454ad71f4d9dd338cacf7993f61ea":"","content_style_source":"inherit","content_style":"wide","vertical_spacing_source":"inherit","content_area_spacing":"both","background":{"background_type":"color","background_pattern":"type-1","background_image":{"attachment_id":null,"x":0,"y":0},"gradient":"linear-gradient(135deg,rgba(6,147,227,1) 0%,rgb(155,81,224) 100%)","background_repeat":"repeat","background_size":"auto","background_attachment":"scroll","patternColor":{"default":{"color":"#e5e7ea"}},"overlayColor":{"default":{"color":"CT_CSS_SKIP_RULE"}},"backgroundColor":{"default":{"color":"CT_CSS_SKIP_RULE"}}},"content_background":{"background_type":"color","background_pattern":"type-1","background_image":{"attachment_id":null,"x":0,"y":0},"gradient":"linear-gradient(135deg,rgba(6,147,227,1) 0%,rgb(155,81,224) 100%)","background_repeat":"repeat","background_size":"auto","background_attachment":"scroll","patternColor":{"default":{"color":"#e5e7ea"}},"overlayColor":{"default":{"color":"CT_CSS_SKIP_RULE"}},"backgroundColor":{"default":{"color":"var(--paletteColor8)"}}},"content_boxed_shadow":{"inherit":false,"blur":18,"spread":-6,"v_offset":12,"h_offset":0,"inset":false,"enable":true,"color":{"color":"rgba(34, 56, 101, 0.04)"}},"boxed_content_spacing":{"desktop":{"top":"40px","bottom":"40px","left":"40px","right":"40px","linked":true},"tablet":{"top":"35px","bottom":"35px","left":"35px","right":"35px","linked":true},"mobile":{"top":"20px","bottom":"20px","left":"20px","right":"20px","linked":true}},"content_boxed_radius":{"top":"3px","bottom":"3px","left":"3px","right":"3px","linked":true},"19323617cb25d801d38575b9d7148dea":"","disable_featured_image":"no","disable_share_box":"no","disable_header":"no","disable_footer":"no"},"featured_image_urls":{"full":"","thumbnail":"","medium":"","medium_large":"","large":"","1536x1536":"","2048x2048":""},"post_excerpt_stackable":"<p>Coordenadores Zilda A. P. Del PretteEndere\u00e7o para acessar o CV Lattes: http:\/\/lattes.cnpq.br\/8113238388739093 Almir Del PretteEndere\u00e7o para acessar o CV Lattes:\u00a0http:\/\/lattes.cnpq.br\/2191226494887247 Pesquisadores Associados Talita Pereira DiasEndere\u00e7o para acessar o CV Lattes:\u00a0http:\/\/lattes.cnpq.br\/0097014291170034 Camila Negreiros ComodoEndere\u00e7o para acessar o CV Lattes:\u00a0http:\/\/lattes.cnpq.br\/1022196212162281 Juliana P. dos SantosEndere\u00e7o para acessar o CV Lattes:\u00a0http:\/\/lattes.cnpq.br\/2841372054746894 Beatriz Jabor BoturaEndere\u00e7o para acessar o CV Lattes:\u00a0http:\/\/lattes.cnpq.br\/0998164701209837 B\u00e1rbara J\u00fasEndere\u00e7o para acessar este CV:\u00a0http:\/\/lattes.cnpq.br\/1141777751836983<\/p>\n","category_list":"","author_info":{"name":"RIHS","url":"https:\/\/www.rihs.ufscar.br\/hslivros-2\/author\/rihs\/"},"comments_num":"0 comments","_links":{"self":[{"href":"https:\/\/www.rihs.ufscar.br\/hslivros-2\/wp-json\/wp\/v2\/pages\/199"}],"collection":[{"href":"https:\/\/www.rihs.ufscar.br\/hslivros-2\/wp-json\/wp\/v2\/pages"}],"about":[{"href":"https:\/\/www.rihs.ufscar.br\/hslivros-2\/wp-json\/wp\/v2\/types\/page"}],"author":[{"embeddable":true,"href":"https:\/\/www.rihs.ufscar.br\/hslivros-2\/wp-json\/wp\/v2\/users\/1"}],"replies":[{"embeddable":true,"href":"https:\/\/www.rihs.ufscar.br\/hslivros-2\/wp-json\/wp\/v2\/comments?post=199"}],"version-history":[{"count":4,"href":"https:\/\/www.rihs.ufscar.br\/hslivros-2\/wp-json\/wp\/v2\/pages\/199\/revisions"}],"predecessor-version":[{"id":203,"href":"https:\/\/www.rihs.ufscar.br\/hslivros-2\/wp-json\/wp\/v2\/pages\/199\/revisions\/203"}],"wp:attachment":[{"href":"https:\/\/www.rihs.ufscar.br\/hslivros-2\/wp-json\/wp\/v2\/media?parent=199"}],"curies":[{"name":"wp","href":"https:\/\/api.w.org\/{rel}","templated":true}]}}