{"id":241,"date":"2021-10-19T18:56:52","date_gmt":"2021-10-19T21:56:52","guid":{"rendered":"https:\/\/www.rihs.ufscar.br\/hslivros\/?page_id=241"},"modified":"2024-07-31T10:00:44","modified_gmt":"2024-07-31T13:00:44","slug":"inicial","status":"publish","type":"page","link":"https:\/\/www.rihs.ufscar.br\/hslivros\/inicial\/","title":{"rendered":"Inicial"},"content":{"rendered":"\n<div class=\"wp-block-cover alignfull has-parallax\" style=\"min-height:163px\"><span aria-hidden=\"true\" class=\"wp-block-cover__background has-palette-color-4-background-color has-background-dim-90 has-background-dim\"><\/span><div role=\"img\" class=\"wp-block-cover__image-background wp-image-420 has-parallax\" style=\"background-position:50% 50%;background-image:url(https:\/\/www.rihs.ufscar.br\/hslivros\/wp-content\/uploads\/2021\/12\/63801_cursos_3426254845669140028.jpg)\"><\/div><div class=\"wp-block-cover__inner-container\">\n<div class=\"wp-block-ugb-heading ugb-heading ugb-73904bc ugb-main-block\"><style>.ugb-73904bc .ugb-heading__title{color:var(--paletteColor8,#ffffff);text-align:center}.ugb-73904bc .ugb-inner-block{text-align:center}<\/style><div class=\"ugb-inner-block\"><div class=\"ugb-block-content\"><h3 class=\"ugb-heading__title\">Bem vindo(a) \u00e0 nossa p\u00e1gina<\/h3><\/div><\/div><\/div>\n<\/div><\/div>\n\n\n\n<div class=\"wp-block-media-text alignwide is-stacked-on-mobile\" style=\"grid-template-columns:30% auto\"><figure class=\"wp-block-media-text__media\"><img decoding=\"async\" loading=\"lazy\" width=\"690\" height=\"1024\" src=\"https:\/\/www.rihs.ufscar.br\/hslivros\/wp-content\/uploads\/2022\/03\/habilidades_sociais_capa_zilda-so-frente-690x1024.jpg\" alt=\"\" class=\"wp-image-556 size-full\" srcset=\"https:\/\/www.rihs.ufscar.br\/hslivros\/wp-content\/uploads\/2022\/03\/habilidades_sociais_capa_zilda-so-frente-690x1024.jpg 690w, https:\/\/www.rihs.ufscar.br\/hslivros\/wp-content\/uploads\/2022\/03\/habilidades_sociais_capa_zilda-so-frente-202x300.jpg 202w, https:\/\/www.rihs.ufscar.br\/hslivros\/wp-content\/uploads\/2022\/03\/habilidades_sociais_capa_zilda-so-frente-768x1139.jpg 768w, https:\/\/www.rihs.ufscar.br\/hslivros\/wp-content\/uploads\/2022\/03\/habilidades_sociais_capa_zilda-so-frente-1036x1536.jpg 1036w, https:\/\/www.rihs.ufscar.br\/hslivros\/wp-content\/uploads\/2022\/03\/habilidades_sociais_capa_zilda-so-frente-1381x2048.jpg 1381w, https:\/\/www.rihs.ufscar.br\/hslivros\/wp-content\/uploads\/2022\/03\/habilidades_sociais_capa_zilda-so-frente-scaled.jpg 1726w\" sizes=\"(max-width: 690px) 100vw, 690px\" \/><\/figure><div class=\"wp-block-media-text__content\">\n<p class=\"has-large-font-size\"><strong>Habilidades sociais na escola mediadas pelo professor<\/strong><\/p>\n\n\n\n<p>Este site \u00e9 de acesso restrito aos leitores desses livros, para a realiza\u00e7\u00e3o das atividades virtuais associadas a v\u00eddeos disponibilizados nos livros por meio de links e QRCodes.<\/p>\n\n\n\n<div class=\"wp-block-buttons is-layout-flex\">\n<div class=\"wp-block-button\"><a class=\"wp-block-button__link wp-element-button\" href=\"https:\/\/www.rihs.ufscar.br\/hslivros\/manual-do-professor-hs\/\">Mais informa\u00e7\u00f5es do livro aqui<\/a><\/div>\n<\/div>\n<\/div><\/div>\n\n\n\n<hr class=\"wp-block-separator has-css-opacity\"\/>\n\n\n\n<div class=\"wp-block-columns is-layout-flex wp-container-4\">\n<div class=\"wp-block-column is-layout-flow\">\n<h4 class=\"wp-block-heading\">Para obter esse acesso, voc\u00ea precisa:<\/h4>\n\n\n\n<p><strong>1. <\/strong>Preencher o cadastro abaixo (seus dados ficar\u00e3o dispon\u00edveis na sua <a href=\"https:\/\/www.rihs.ufscar.br\/hslivros\/my-account\/\">\u00e1rea de membro<\/a>).<br><br><strong>2.<\/strong> Depois disso, o administrador, com base nas informa\u00e7\u00f5es do formul\u00e1rio, ir\u00e1 qualifica-lo como visitante cadastrado e autorizar seu acesso.<br><br><strong>3.<\/strong> Ao ser autorizado, voc\u00ea pode entrar como visitante cadastrado, acessar os materiais e tamb\u00e9m o <a href=\"https:\/\/www.rihs.ufscar.br\/hslivros\/category\/blog\/\">BLOG<\/a> deste site.<\/p>\n\n\n\n<p>4. Antes de acessar assista o tutorial abaixo &#8211; siga rigorosamente as orienta\u00e7\u00f5es.<\/p>\n\n\n\n<p><\/p>\n<\/div>\n\n\n\n<div class=\"wp-block-column is-layout-flow\">\n<figure class=\"wp-block-image size-full\"><img decoding=\"async\" loading=\"lazy\" width=\"640\" height=\"380\" src=\"https:\/\/www.rihs.ufscar.br\/hslivros\/wp-content\/uploads\/2021\/12\/63801_cursos_3426254845669140028.jpg\" alt=\"Professores participantes em encontro presencial de avalia\u00e7\u00e3o do curso\" class=\"wp-image-420\" srcset=\"https:\/\/www.rihs.ufscar.br\/hslivros\/wp-content\/uploads\/2021\/12\/63801_cursos_3426254845669140028.jpg 640w, https:\/\/www.rihs.ufscar.br\/hslivros\/wp-content\/uploads\/2021\/12\/63801_cursos_3426254845669140028-300x178.jpg 300w\" sizes=\"(max-width: 640px) 100vw, 640px\" \/><figcaption class=\"wp-element-caption\">Foto: Naara Alho<\/figcaption><\/figure>\n<\/div>\n<\/div>\n\n\n\n<figure class=\"wp-block-embed is-type-video is-provider-youtube wp-block-embed-youtube wp-embed-aspect-16-9 wp-has-aspect-ratio\"><div class=\"wp-block-embed__wrapper\">\n<iframe loading=\"lazy\" title=\"Tutorial de acesso ao site dos livros\" width=\"1290\" height=\"726\" src=\"https:\/\/www.youtube.com\/embed\/8Yd1THYONpw?feature=oembed\" frameborder=\"0\" allow=\"accelerometer; autoplay; clipboard-write; encrypted-media; gyroscope; picture-in-picture; web-share\" referrerpolicy=\"strict-origin-when-cross-origin\" allowfullscreen><\/iframe>\n<\/div><\/figure>\n\n\n\n<div class=\"wp-block-cover alignfull has-parallax\" style=\"min-height:401px\"><span aria-hidden=\"true\" class=\"wp-block-cover__background has-palette-color-4-background-color has-background-dim-90 has-background-dim\"><\/span><div role=\"img\" class=\"wp-block-cover__image-background wp-image-373 has-parallax\" style=\"background-position:50% 50%;background-image:url(https:\/\/www.rihs.ufscar.br\/hslivros\/wp-content\/uploads\/2021\/12\/bookshelf-g2e981db55_1920.jpg)\"><\/div><div class=\"wp-block-cover__inner-container\">\n<p class=\"has-text-align-center has-medium-font-size\"><strong><span style=\"color: var(--paletteColor8, #ffffff);\" class=\"ugb-highlight\">Para ver os conte\u00fados cadastre-se ou acesse o seu perfil<\/span><\/strong><\/p>\n\n\n\n<div class=\"wp-block-columns is-layout-flex wp-container-7\">\n<div class=\"wp-block-column is-layout-flow\">\n<div class=\"wp-block-ugb-button ugb-button-wrapper ugb-b6961f3 ugb-button--design-fullwidth ugb-main-block\"><style>.ugb-b6961f3 .ugb-button1{background-color:var(--paletteColor7,#FBFBFC)}.ugb-b6961f3 .ugb-button1 .ugb-button--inner,.ugb-b6961f3 .ugb-button1 svg:not(.ugb-custom-icon){color:#222222 !important}<\/style><div class=\"ugb-inner-block\"><div class=\"ugb-block-content\"><div class=\"ugb-button-container\"><a class=\"ugb-button1 ugb-button ugb-button--size-normal\" href=\"https:\/\/www.rihs.ufscar.br\/hslivros\/cadastrar\/\" rel=\"\" title=\"\"><span class=\"ugb-button--inner\"><span style=\"color: var(--paletteColor4, #293241);\" class=\"ugb-highlight\"> <strong>CADASTRE-SE<\/strong><\/span><\/span><\/a><\/div><\/div><\/div><\/div>\n<\/div>\n\n\n\n<div class=\"wp-block-column is-layout-flow\">\n<div class=\"wp-block-ugb-button ugb-button-wrapper ugb-1fb2932 ugb-button--design-fullwidth ugb-main-block\"><style>.ugb-1fb2932 .ugb-button1{background-color:var(--paletteColor1,#5096bf)}.ugb-1fb2932 .ugb-button1 .ugb-button--inner,.ugb-1fb2932 .ugb-button1 svg:not(.ugb-custom-icon){color:#222222 !important}<\/style><div class=\"ugb-inner-block\"><div class=\"ugb-block-content\"><div class=\"ugb-button-container\"><a class=\"ugb-button1 ugb-button ugb-button--size-normal\" href=\"https:\/\/www.rihs.ufscar.br\/hslivros\/my-account\/\" rel=\"\" title=\"\"><span class=\"ugb-button--inner\"><span style=\"color: var(--paletteColor8, #ffffff);\" class=\"ugb-highlight\"> <strong>J\u00c1 TENHO CADASTRO<\/strong><\/span><\/span><\/a><\/div><\/div><\/div><\/div>\n<\/div>\n<\/div>\n<\/div><\/div>\n\n\n\n<div style=\"height:25px\" aria-hidden=\"true\" class=\"wp-block-spacer\"><\/div>\n\n\n\n<h5 class=\"wp-block-heading has-text-align-center\"><strong><span style=\"color: var(--paletteColor4, #293241);\" class=\"ugb-highlight\">Ao navegar pelo nosso BLOG aproveite para participar e interagir com os autores e outros leitores, fazendo coment\u00e1rios e reagindo aos coment\u00e1rios dispon\u00edveis<\/span><\/strong><\/h5>\n\n\n\n<div style=\"height:25px\" aria-hidden=\"true\" class=\"wp-block-spacer\"><\/div>\n\n\n\n<p><\/p>\n","protected":false},"excerpt":{"rendered":"<p>Para obter esse acesso, voc\u00ea precisa: 1. Preencher o cadastro abaixo (seus dados ficar\u00e3o dispon\u00edveis na sua \u00e1rea de membro). 2. Depois disso, o administrador, com base nas informa\u00e7\u00f5es do formul\u00e1rio, ir\u00e1 qualifica-lo como visitante cadastrado e autorizar seu acesso. 3. Ao ser autorizado, voc\u00ea pode entrar como visitante cadastrado, acessar os materiais e tamb\u00e9m o BLOG deste site. 4. Antes de acessar assista o tutorial abaixo &#8211; siga rigorosamente as orienta\u00e7\u00f5es. Ao navegar pelo nosso BLOG aproveite para participar e interagir com os autores e outros leitores, fazendo coment\u00e1rios e reagindo aos coment\u00e1rios dispon\u00edveis<\/p>\n","protected":false},"author":1,"featured_media":0,"parent":0,"menu_order":0,"comment_status":"closed","ping_status":"closed","template":"","meta":[],"blocksy_meta":{"styles_descriptor":{"styles":{"desktop":"","tablet":"","mobile":""},"google_fonts":[],"version":2},"page_title_panel":"","has_hero_section":"default","45bffdfb9c48aed08ec899b19e89f161":"","hero_section":"type-1","hero_elements":[{"id":"custom_title","enabled":true,"heading_tag":"h1","title":"Home"},{"id":"custom_description","enabled":true,"description_visibility":{"desktop":true,"tablet":true,"mobile":false}},{"id":"custom_meta","enabled":false,"meta_elements":[{"id":"author","enabled":true,"label":"By","has_author_avatar":"yes","avatar_size":25},{"id":"post_date","enabled":true,"label":"On","date_format_source":"default","date_format":"M j, Y"},{"id":"updated_date","enabled":false,"label":"On","date_format_source":"default","date_format":"M j, Y"},{"id":"categories","enabled":false,"label":"In","style":"simple"},{"id":"comments","enabled":true}],"page_meta_elements":{"joined":true,"articles_count":true,"comments":true}},{"id":"breadcrumbs","enabled":false}],"767f2b21e02653df2ad101ef46cb80ec":"","hero_alignment1":"CT_CSS_SKIP_RULE","hero_margin":40,"hero_alignment2":"center","hero_vertical_alignment":"center","e839330ff0f5c2b81916dd3f1706b0b8":"","hero_structure":"narrow","1f01e887fca4e0cd2867ed765b2ce868":"","page_title_bg_type":"featured_image","custom_hero_background":{"attachment_id":null},"parallax":{"desktop":false,"tablet":false,"mobile":false},"33b9a2ea2d06ec74d1d8aeff107956fc":"","hero_height":"250px","pageTitleFont":{"family":"Default","variation":"Default","size":{"desktop":"32px","tablet":"30px","mobile":"25px"},"line-height":"CT_CSS_SKIP_RULE","letter-spacing":"CT_CSS_SKIP_RULE","text-transform":"CT_CSS_SKIP_RULE","text-decoration":"CT_CSS_SKIP_RULE"},"pageTitleFontColor":{"default":{"color":"CT_CSS_SKIP_RULEDEFAULT"}},"pageMetaFont":{"family":"Default","variation":"n6","size":"12px","line-height":"1.3","letter-spacing":"CT_CSS_SKIP_RULE","text-transform":"uppercase","text-decoration":"CT_CSS_SKIP_RULE"},"pageMetaFontColor":{"default":{"color":"CT_CSS_SKIP_RULEDEFAULT"},"hover":{"color":"CT_CSS_SKIP_RULEDEFAULT"}},"page_meta_button_type_font_colors":{"default":{"color":"CT_CSS_SKIP_RULEDEFAULT"},"hover":{"color":"CT_CSS_SKIP_RULEDEFAULT"}},"page_meta_button_type_background_colors":{"default":{"color":"CT_CSS_SKIP_RULEDEFAULT"},"hover":{"color":"CT_CSS_SKIP_RULEDEFAULT"}},"pageExcerptFont":{"family":"Default","variation":"Default","size":"CT_CSS_SKIP_RULE","line-height":"CT_CSS_SKIP_RULE","letter-spacing":"CT_CSS_SKIP_RULE","text-transform":"CT_CSS_SKIP_RULE","text-decoration":"CT_CSS_SKIP_RULE"},"pageExcerptColor":{"default":{"color":"CT_CSS_SKIP_RULEDEFAULT"}},"breadcrumbsFont":{"family":"Default","variation":"Default","size":"CT_CSS_SKIP_RULE","line-height":"CT_CSS_SKIP_RULE","letter-spacing":"CT_CSS_SKIP_RULE","text-transform":"CT_CSS_SKIP_RULE","text-decoration":"CT_CSS_SKIP_RULE"},"breadcrumbsFontColor":{"default":{"color":"CT_CSS_SKIP_RULEDEFAULT"},"initial":{"color":"CT_CSS_SKIP_RULEDEFAULT"},"hover":{"color":"CT_CSS_SKIP_RULEDEFAULT"}},"pageTitleOverlay":{"background_type":"color","background_pattern":"type-1","background_image":{"attachment_id":null,"x":0,"y":0},"gradient":"linear-gradient(135deg,rgba(6,147,227,1) 0%,rgb(155,81,224) 100%)","background_repeat":"repeat","background_size":"auto","background_attachment":"scroll","patternColor":{"default":{"color":"#e5e7ea"}},"overlayColor":{"default":{"color":"CT_CSS_SKIP_RULE"}},"backgroundColor":{"default":{"color":"CT_CSS_SKIP_RULE"}}},"pageTitleBackground":{"background_type":"color","background_pattern":"type-1","background_image":{"attachment_id":null,"x":0,"y":0},"gradient":"linear-gradient(135deg,rgba(6,147,227,1) 0%,rgb(155,81,224) 100%)","background_repeat":"repeat","background_size":"auto","background_attachment":"scroll","patternColor":{"default":{"color":"#e5e7ea"}},"overlayColor":{"default":{"color":"CT_CSS_SKIP_RULE"}},"backgroundColor":{"default":{"color":"var(--paletteColor6)"}}},"pageTitlePadding":{"top":"50px","bottom":"50px","left":"auto","right":"auto","linked":true},"4a39f4e24c9ca359153ddfc6cf83bfe1":"","page_structure_type":"default","587c1d33419391ca5f760d13972ebd29":"","content_style_source":"inherit","content_style":"wide","vertical_spacing_source":"custom","content_area_spacing":"bottom","background":{"background_type":"color","background_pattern":"type-1","background_image":{"attachment_id":null,"x":0,"y":0},"gradient":"linear-gradient(135deg,rgba(6,147,227,1) 0%,rgb(155,81,224) 100%)","background_repeat":"repeat","background_size":"auto","background_attachment":"scroll","patternColor":{"default":{"color":"#e5e7ea"}},"overlayColor":{"default":{"color":"CT_CSS_SKIP_RULE"}},"backgroundColor":{"default":{"color":"CT_CSS_SKIP_RULE"}}},"content_background":{"background_type":"color","background_pattern":"type-1","background_image":{"attachment_id":null,"x":0,"y":0},"gradient":"linear-gradient(135deg,rgba(6,147,227,1) 0%,rgb(155,81,224) 100%)","background_repeat":"repeat","background_size":"auto","background_attachment":"scroll","patternColor":{"default":{"color":"#e5e7ea"}},"overlayColor":{"default":{"color":"CT_CSS_SKIP_RULE"}},"backgroundColor":{"default":{"color":"var(--paletteColor8)"}}},"content_boxed_shadow":{"inherit":false,"blur":18,"spread":-6,"v_offset":12,"h_offset":0,"inset":false,"enable":true,"color":{"color":"rgba(34, 56, 101, 0.04)"}},"boxed_content_spacing":{"desktop":{"top":"40px","bottom":"40px","left":"40px","right":"40px","linked":true},"tablet":{"top":"35px","bottom":"35px","left":"35px","right":"35px","linked":true},"mobile":{"top":"20px","bottom":"20px","left":"20px","right":"20px","linked":true}},"content_boxed_radius":{"top":"3px","bottom":"3px","left":"3px","right":"3px","linked":true},"abd88aefa6b2743a50dae3e874ab26b3":"","disable_featured_image":"no","disable_header":"no","disable_footer":"no"},"_links":{"self":[{"href":"https:\/\/www.rihs.ufscar.br\/hslivros\/wp-json\/wp\/v2\/pages\/241"}],"collection":[{"href":"https:\/\/www.rihs.ufscar.br\/hslivros\/wp-json\/wp\/v2\/pages"}],"about":[{"href":"https:\/\/www.rihs.ufscar.br\/hslivros\/wp-json\/wp\/v2\/types\/page"}],"author":[{"embeddable":true,"href":"https:\/\/www.rihs.ufscar.br\/hslivros\/wp-json\/wp\/v2\/users\/1"}],"replies":[{"embeddable":true,"href":"https:\/\/www.rihs.ufscar.br\/hslivros\/wp-json\/wp\/v2\/comments?post=241"}],"version-history":[{"count":52,"href":"https:\/\/www.rihs.ufscar.br\/hslivros\/wp-json\/wp\/v2\/pages\/241\/revisions"}],"predecessor-version":[{"id":812,"href":"https:\/\/www.rihs.ufscar.br\/hslivros\/wp-json\/wp\/v2\/pages\/241\/revisions\/812"}],"wp:attachment":[{"href":"https:\/\/www.rihs.ufscar.br\/hslivros\/wp-json\/wp\/v2\/media?parent=241"}],"curies":[{"name":"wp","href":"https:\/\/api.w.org\/{rel}","templated":true}]}}